{"id":845,"date":"2019-08-07T14:01:08","date_gmt":"2019-08-07T14:01:08","guid":{"rendered":"http:\/\/localhost:8080\/okno\/?page_id=845"},"modified":"2023-11-23T09:41:16","modified_gmt":"2023-11-23T09:41:16","slug":"contact","status":"publish","type":"page","link":"http:\/\/kerevit.com.tr\/index.php\/contact\/","title":{"rendered":"Contact"},"content":{"rendered":"<div class=\"wpb-content-wrapper\"><p>[vc_row full_width=&#8221;stretch_row_content_no_spaces&#8221;][vc_column]<section class=\"height-big\"><div class=\"home noborder\"><div class=\"home-parallax-image bg mask-dark op7 parallax\" data-background=\"http:\/\/kerevit.com.tr\/wp-content\/uploads\/2016\/08\/home-contact-022.jpg\"><div class=\"head-center\"><div class=\"container\"><div class=\"row\"><div class=\"col-md-8 col-md-offset-2\"><h1 class=\"hs-title\" style=\"color:#fff;\"><span style=\"color: #ffffff;\">LOCATION<\/span><\/h1><div class=\"hs-subtitle\" style=\"color:#fff;\">Come and drink a cup of coffee with us. Tell us your dreams and lets make them real.<\/div><\/div><\/div><\/div><\/div><\/div><\/div><\/section>[\/vc_column][\/vc_row][vc_row css=&#8221;.vc_custom_1470583899400{margin-top: 120px !important;}&#8221;][vc_column parallax=&#8221;content-moving&#8221; width=&#8221;1\/2&#8243;] <div class=\"js-fun-height\"><div class=\"box-media-a\"> <div class=\"et-icon-wrap\"><i class=\"fs4 gray vc-oi vc-oi-location-inv \"><\/i><\/div><div class=\"media-text\"><h3 class=\"media-title text-center\">Address<\/h3><p class=\"text-center js-el-fun-height\">\u00c7\u0131narl\u0131, Ege Pela AVM, Ozan Abay Cd. No:8 Z17, 35170 Konak\/\u0130zmir<\/p><\/div><\/div><\/div>[\/vc_column][vc_column parallax=&#8221;content-moving&#8221; width=&#8221;1\/2&#8243;] <div class=\"js-fun-height\"><div class=\"box-media-a\"> <div class=\"et-icon-wrap\"><i class=\"fs4 gray vc-oi vc-oi-mail \"><\/i><\/div><div class=\"media-text\"><h3 class=\"media-title text-center\">E-Mail<\/h3><p class=\"text-center js-el-fun-height\">info@kerevit.com.tr<\/p><\/div><\/div><\/div>[\/vc_column][\/vc_row]<\/p>\n<\/div>","protected":false},"excerpt":{"rendered":"<p>[vc_row full_width=&#8221;stretch_row_content_no_spaces&#8221;][vc_column][\/vc_column][\/vc_row][vc_row css=&#8221;.vc_custom_1470583899400{margin-top: 120px !important;}&#8221;][vc_column parallax=&#8221;content-moving&#8221; width=&#8221;1\/2&#8243;][\/vc_column][vc_column parallax=&#8221;content-moving&#8221; width=&#8221;1\/2&#8243;][\/vc_column][\/vc_row]<\/p>\n","protected":false},"author":1,"featured_media":0,"parent":0,"menu_order":0,"comment_status":"closed","ping_status":"closed","template":"","meta":{"footnotes":""},"_links":{"self":[{"href":"http:\/\/kerevit.com.tr\/index.php\/wp-json\/wp\/v2\/pages\/845"}],"collection":[{"href":"http:\/\/kerevit.com.tr\/index.php\/wp-json\/wp\/v2\/pages"}],"about":[{"href":"http:\/\/kerevit.com.tr\/index.php\/wp-json\/wp\/v2\/types\/page"}],"author":[{"embeddable":true,"href":"http:\/\/kerevit.com.tr\/index.php\/wp-json\/wp\/v2\/users\/1"}],"replies":[{"embeddable":true,"href":"http:\/\/kerevit.com.tr\/index.php\/wp-json\/wp\/v2\/comments?post=845"}],"version-history":[{"count":2,"href":"http:\/\/kerevit.com.tr\/index.php\/wp-json\/wp\/v2\/pages\/845\/revisions"}],"predecessor-version":[{"id":1386,"href":"http:\/\/kerevit.com.tr\/index.php\/wp-json\/wp\/v2\/pages\/845\/revisions\/1386"}],"wp:attachment":[{"href":"http:\/\/kerevit.com.tr\/index.php\/wp-json\/wp\/v2\/media?parent=845"}],"curies":[{"name":"wp","href":"https:\/\/api.w.org\/{rel}","templated":true}]}}